{"id":2134,"date":"2025-04-21T23:01:26","date_gmt":"2025-04-22T03:01:26","guid":{"rendered":"https:\/\/islaflor.net\/?post_type=product&#038;p=2134"},"modified":"2026-04-11T19:46:43","modified_gmt":"2026-04-11T23:46:43","slug":"arreglo-isla-tropical-2","status":"publish","type":"product","link":"https:\/\/islaflor.net\/en\/product\/arreglo-isla-tropical-2\/","title":{"rendered":"Tropical Island Arrangement"},"content":{"rendered":"<p>Arreglo de selecci\u00f3n variada de flores tropicales de cultivo local en cesta de fibras naturales. La foto de referencia es un arreglo talla M.<\/p>","protected":false},"excerpt":{"rendered":"<p>Arreglo de selecci\u00f3n variada de flores tropicales de cultivo local en cesta de fibras naturales. La foto de referencia es un arreglo talla M.<\/p>","protected":false},"featured_media":2129,"template":"","meta":{"site-sidebar-layout":"default","site-content-layout":"","ast-site-content-layout":"default","site-content-style":"default","site-sidebar-style":"default","ast-global-header-display":"","ast-banner-title-visibility":"","ast-main-header-display":"","ast-hfb-above-header-display":"","ast-hfb-below-header-display":"","ast-hfb-mobile-header-display":"","site-post-title":"","ast-breadcrumbs-content":"","ast-featured-img":"","footer-sml-layout":"","theme-transparent-header-meta":"default","adv-header-id-meta":"","stick-header-meta":"","header-above-stick-meta":"","header-main-stick-meta":"","header-below-stick-meta":"","astra-migrate-meta-layouts":"set","ast-page-background-enabled":"default","ast-page-background-meta":{"desktop":{"background-color":"var(--ast-global-color-4)","background-image":"","background-repeat":"repeat","background-position":"center center","background-size":"auto","background-attachment":"scroll","background-type":"","background-media":"","overlay-type":"","overlay-color":"","overlay-opacity":"","overlay-gradient":""},"tablet":{"background-color":"","background-image":"","background-repeat":"repeat","background-position":"center center","background-size":"auto","background-attachment":"scroll","background-type":"","background-media":"","overlay-type":"","overlay-color":"","overlay-opacity":"","overlay-gradient":""},"mobile":{"background-color":"","background-image":"","background-repeat":"repeat","background-position":"center center","background-size":"auto","background-attachment":"scroll","background-type":"","background-media":"","overlay-type":"","overlay-color":"","overlay-opacity":"","overlay-gradient":""}},"ast-content-background-meta":{"desktop":{"background-color":"var(--ast-global-color-5)","background-image":"","background-repeat":"repeat","background-position":"center center","background-size":"auto","background-attachment":"scroll","background-type":"","background-media":"","overlay-type":"","overlay-color":"","overlay-opacity":"","overlay-gradient":""},"tablet":{"background-color":"var(--ast-global-color-5)","background-image":"","background-repeat":"repeat","background-position":"center center","background-size":"auto","background-attachment":"scroll","background-type":"","background-media":"","overlay-type":"","overlay-color":"","overlay-opacity":"","overlay-gradient":""},"mobile":{"background-color":"var(--ast-global-color-5)","background-image":"","background-repeat":"repeat","background-position":"center center","background-size":"auto","background-attachment":"scroll","background-type":"","background-media":"","overlay-type":"","overlay-color":"","overlay-opacity":"","overlay-gradient":""}}},"product_brand":[],"product_cat":[25],"product_tag":[],"class_list":{"0":"post-2134","1":"product","2":"type-product","3":"status-publish","4":"has-post-thumbnail","6":"product_cat-arreglos","7":"desktop-align-left","8":"tablet-align-left","9":"mobile-align-left","11":"first","12":"outofstock","13":"shipping-taxable","14":"purchasable","15":"product-type-variable"},"yoast_head":"<!-- This site is optimized with the Yoast SEO plugin v26.8 - https:\/\/yoast.com\/product\/yoast-seo-wordpress\/ -->\n<title>Arreglo Isla Tropical | Islaflor<\/title>\n<meta name=\"description\" content=\"Descubre ISLAFLOR tu florister\u00eda online con env\u00edos a domicilio. Ofrecemos arreglos florales frescos y personalizados para cada ocasi\u00f3n.\" \/>\n<meta name=\"robots\" content=\"index, follow, max-snippet:-1, max-image-preview:large, max-video-preview:-1\" \/>\n<link rel=\"canonical\" href=\"https:\/\/islaflor.net\/en\/product\/arreglo-isla-tropical-2\/\" \/>\n<meta property=\"og:locale\" content=\"en_GB\" \/>\n<meta property=\"og:type\" content=\"article\" \/>\n<meta property=\"og:title\" content=\"Arreglo Isla Tropical | Islaflor\" \/>\n<meta property=\"og:description\" content=\"Descubre ISLAFLOR tu florister\u00eda online con env\u00edos a domicilio. Ofrecemos arreglos florales frescos y personalizados para cada ocasi\u00f3n.\" \/>\n<meta property=\"og:url\" content=\"https:\/\/islaflor.net\/en\/product\/arreglo-isla-tropical-2\/\" \/>\n<meta property=\"og:site_name\" content=\"Islaflor: La Mejor Florister\u00eda de La Habana | Env\u00edos a Domicilio\" \/>\n<meta property=\"article:modified_time\" content=\"2026-04-11T23:46:43+00:00\" \/>\n<meta property=\"og:image\" content=\"https:\/\/islaflor.net\/wp-content\/uploads\/2025\/04\/img_0825-scaled.jpeg\" \/>\n\t<meta property=\"og:image:width\" content=\"2048\" \/>\n\t<meta property=\"og:image:height\" content=\"2560\" \/>\n\t<meta property=\"og:image:type\" content=\"image\/jpeg\" \/>\n<meta name=\"twitter:card\" content=\"summary_large_image\" \/>\n<meta name=\"twitter:label1\" content=\"Estimated reading time\" \/>\n\t<meta name=\"twitter:data1\" content=\"1 minute\" \/>\n<script type=\"application\/ld+json\" class=\"yoast-schema-graph\">{\"@context\":\"https:\/\/schema.org\",\"@graph\":[{\"@type\":\"WebPage\",\"@id\":\"https:\/\/islaflor.net\/product\/arreglo-isla-tropical-2\/\",\"url\":\"https:\/\/islaflor.net\/product\/arreglo-isla-tropical-2\/\",\"name\":\"Arreglo Isla Tropical | Islaflor\",\"isPartOf\":{\"@id\":\"https:\/\/islaflor.net\/#website\"},\"primaryImageOfPage\":{\"@id\":\"https:\/\/islaflor.net\/product\/arreglo-isla-tropical-2\/#primaryimage\"},\"image\":{\"@id\":\"https:\/\/islaflor.net\/product\/arreglo-isla-tropical-2\/#primaryimage\"},\"thumbnailUrl\":\"https:\/\/islaflor.net\/wp-content\/uploads\/2025\/04\/img_0825-scaled.jpeg\",\"datePublished\":\"2025-04-22T03:01:26+00:00\",\"dateModified\":\"2026-04-11T23:46:43+00:00\",\"description\":\"Descubre ISLAFLOR tu florister\u00eda online con env\u00edos a domicilio. Ofrecemos arreglos florales frescos y personalizados para cada ocasi\u00f3n.\",\"breadcrumb\":{\"@id\":\"https:\/\/islaflor.net\/product\/arreglo-isla-tropical-2\/#breadcrumb\"},\"inLanguage\":\"en-GB\",\"potentialAction\":[{\"@type\":\"ReadAction\",\"target\":[\"https:\/\/islaflor.net\/product\/arreglo-isla-tropical-2\/\"]}]},{\"@type\":\"ImageObject\",\"inLanguage\":\"en-GB\",\"@id\":\"https:\/\/islaflor.net\/product\/arreglo-isla-tropical-2\/#primaryimage\",\"url\":\"https:\/\/islaflor.net\/wp-content\/uploads\/2025\/04\/img_0825-scaled.jpeg\",\"contentUrl\":\"https:\/\/islaflor.net\/wp-content\/uploads\/2025\/04\/img_0825-scaled.jpeg\",\"width\":2048,\"height\":2560},{\"@type\":\"BreadcrumbList\",\"@id\":\"https:\/\/islaflor.net\/product\/arreglo-isla-tropical-2\/#breadcrumb\",\"itemListElement\":[{\"@type\":\"ListItem\",\"position\":1,\"name\":\"Portada\",\"item\":\"https:\/\/islaflor.net\/\"},{\"@type\":\"ListItem\",\"position\":2,\"name\":\"Shop\",\"item\":\"https:\/\/islaflor.net\/tienda\/\"},{\"@type\":\"ListItem\",\"position\":3,\"name\":\"Arreglo Isla Tropical\"}]},{\"@type\":\"WebSite\",\"@id\":\"https:\/\/islaflor.net\/#website\",\"url\":\"https:\/\/islaflor.net\/\",\"name\":\"Islaflor\",\"description\":\"Descubre ISLAFLOR tu florister\u00eda online con env\u00edos a domicilio. Ofrecemos arreglos florales frescos y personalizados para cada ocasi\u00f3n.\",\"publisher\":{\"@id\":\"https:\/\/islaflor.net\/#organization\"},\"potentialAction\":[{\"@type\":\"SearchAction\",\"target\":{\"@type\":\"EntryPoint\",\"urlTemplate\":\"https:\/\/islaflor.net\/?s={search_term_string}\"},\"query-input\":{\"@type\":\"PropertyValueSpecification\",\"valueRequired\":true,\"valueName\":\"search_term_string\"}}],\"inLanguage\":\"en-GB\"},{\"@type\":\"Organization\",\"@id\":\"https:\/\/islaflor.net\/#organization\",\"name\":\"Islaflor\",\"url\":\"https:\/\/islaflor.net\/\",\"logo\":{\"@type\":\"ImageObject\",\"inLanguage\":\"en-GB\",\"@id\":\"https:\/\/islaflor.net\/#\/schema\/logo\/image\/\",\"url\":\"https:\/\/islaflor.net\/wp-content\/uploads\/2024\/09\/logo.png\",\"contentUrl\":\"https:\/\/islaflor.net\/wp-content\/uploads\/2024\/09\/logo.png\",\"width\":156,\"height\":40,\"caption\":\"Islaflor\"},\"image\":{\"@id\":\"https:\/\/islaflor.net\/#\/schema\/logo\/image\/\"}}]}<\/script>\n<!-- \/ Yoast SEO plugin. -->","yoast_head_json":{"title":"Arreglo Isla Tropical | Islaflor","description":"Descubre ISLAFLOR tu florister\u00eda online con env\u00edos a domicilio. Ofrecemos arreglos florales frescos y personalizados para cada ocasi\u00f3n.","robots":{"index":"index","follow":"follow","max-snippet":"max-snippet:-1","max-image-preview":"max-image-preview:large","max-video-preview":"max-video-preview:-1"},"canonical":"https:\/\/islaflor.net\/en\/product\/arreglo-isla-tropical-2\/","og_locale":"en_GB","og_type":"article","og_title":"Arreglo Isla Tropical | Islaflor","og_description":"Descubre ISLAFLOR tu florister\u00eda online con env\u00edos a domicilio. Ofrecemos arreglos florales frescos y personalizados para cada ocasi\u00f3n.","og_url":"https:\/\/islaflor.net\/en\/product\/arreglo-isla-tropical-2\/","og_site_name":"Islaflor: La Mejor Florister\u00eda de La Habana | Env\u00edos a Domicilio","article_modified_time":"2026-04-11T23:46:43+00:00","og_image":[{"width":2048,"height":2560,"url":"https:\/\/islaflor.net\/wp-content\/uploads\/2025\/04\/img_0825-scaled.jpeg","type":"image\/jpeg"}],"twitter_card":"summary_large_image","twitter_misc":{"Estimated reading time":"1 minute"},"schema":{"@context":"https:\/\/schema.org","@graph":[{"@type":"WebPage","@id":"https:\/\/islaflor.net\/product\/arreglo-isla-tropical-2\/","url":"https:\/\/islaflor.net\/product\/arreglo-isla-tropical-2\/","name":"Arreglo Isla Tropical | Islaflor","isPartOf":{"@id":"https:\/\/islaflor.net\/#website"},"primaryImageOfPage":{"@id":"https:\/\/islaflor.net\/product\/arreglo-isla-tropical-2\/#primaryimage"},"image":{"@id":"https:\/\/islaflor.net\/product\/arreglo-isla-tropical-2\/#primaryimage"},"thumbnailUrl":"https:\/\/islaflor.net\/wp-content\/uploads\/2025\/04\/img_0825-scaled.jpeg","datePublished":"2025-04-22T03:01:26+00:00","dateModified":"2026-04-11T23:46:43+00:00","description":"Descubre ISLAFLOR tu florister\u00eda online con env\u00edos a domicilio. Ofrecemos arreglos florales frescos y personalizados para cada ocasi\u00f3n.","breadcrumb":{"@id":"https:\/\/islaflor.net\/product\/arreglo-isla-tropical-2\/#breadcrumb"},"inLanguage":"en-GB","potentialAction":[{"@type":"ReadAction","target":["https:\/\/islaflor.net\/product\/arreglo-isla-tropical-2\/"]}]},{"@type":"ImageObject","inLanguage":"en-GB","@id":"https:\/\/islaflor.net\/product\/arreglo-isla-tropical-2\/#primaryimage","url":"https:\/\/islaflor.net\/wp-content\/uploads\/2025\/04\/img_0825-scaled.jpeg","contentUrl":"https:\/\/islaflor.net\/wp-content\/uploads\/2025\/04\/img_0825-scaled.jpeg","width":2048,"height":2560},{"@type":"BreadcrumbList","@id":"https:\/\/islaflor.net\/product\/arreglo-isla-tropical-2\/#breadcrumb","itemListElement":[{"@type":"ListItem","position":1,"name":"Portada","item":"https:\/\/islaflor.net\/"},{"@type":"ListItem","position":2,"name":"Shop","item":"https:\/\/islaflor.net\/tienda\/"},{"@type":"ListItem","position":3,"name":"Arreglo Isla Tropical"}]},{"@type":"WebSite","@id":"https:\/\/islaflor.net\/#website","url":"https:\/\/islaflor.net\/","name":"Islaflor","description":"Descubre ISLAFLOR tu florister\u00eda online con env\u00edos a domicilio. Ofrecemos arreglos florales frescos y personalizados para cada ocasi\u00f3n.","publisher":{"@id":"https:\/\/islaflor.net\/#organization"},"potentialAction":[{"@type":"SearchAction","target":{"@type":"EntryPoint","urlTemplate":"https:\/\/islaflor.net\/?s={search_term_string}"},"query-input":{"@type":"PropertyValueSpecification","valueRequired":true,"valueName":"search_term_string"}}],"inLanguage":"en-GB"},{"@type":"Organization","@id":"https:\/\/islaflor.net\/#organization","name":"Islaflor","url":"https:\/\/islaflor.net\/","logo":{"@type":"ImageObject","inLanguage":"en-GB","@id":"https:\/\/islaflor.net\/#\/schema\/logo\/image\/","url":"https:\/\/islaflor.net\/wp-content\/uploads\/2024\/09\/logo.png","contentUrl":"https:\/\/islaflor.net\/wp-content\/uploads\/2024\/09\/logo.png","width":156,"height":40,"caption":"Islaflor"},"image":{"@id":"https:\/\/islaflor.net\/#\/schema\/logo\/image\/"}}]}},"_links":{"self":[{"href":"https:\/\/islaflor.net\/en\/wp-json\/wp\/v2\/product\/2134","targetHints":{"allow":["GET"]}}],"collection":[{"href":"https:\/\/islaflor.net\/en\/wp-json\/wp\/v2\/product"}],"about":[{"href":"https:\/\/islaflor.net\/en\/wp-json\/wp\/v2\/types\/product"}],"wp:featuredmedia":[{"embeddable":true,"href":"https:\/\/islaflor.net\/en\/wp-json\/wp\/v2\/media\/2129"}],"wp:attachment":[{"href":"https:\/\/islaflor.net\/en\/wp-json\/wp\/v2\/media?parent=2134"}],"wp:term":[{"taxonomy":"product_brand","embeddable":true,"href":"https:\/\/islaflor.net\/en\/wp-json\/wp\/v2\/product_brand?post=2134"},{"taxonomy":"product_cat","embeddable":true,"href":"https:\/\/islaflor.net\/en\/wp-json\/wp\/v2\/product_cat?post=2134"},{"taxonomy":"product_tag","embeddable":true,"href":"https:\/\/islaflor.net\/en\/wp-json\/wp\/v2\/product_tag?post=2134"}],"curies":[{"name":"wp","href":"https:\/\/api.w.org\/{rel}","templated":true}]}}